{"id":24,"date":"2023-07-23T17:07:19","date_gmt":"2023-07-23T20:07:19","guid":{"rendered":"https:\/\/alfaenergia.org\/?page_id=24"},"modified":"2023-11-02T18:21:20","modified_gmt":"2023-11-02T21:21:20","slug":"sobre","status":"publish","type":"page","link":"https:\/\/alfaenergia.org\/index.php\/sobre\/","title":{"rendered":"Sobre a Alfa"},"content":{"rendered":"<p>[et_pb_section fb_built=&#8221;1&#8243; admin_label=&#8221;Header&#8221; _builder_version=&#8221;4.21.0&#8243; background_color=&#8221;#EDE7E3&#8243; use_background_color_gradient=&#8221;on&#8221; background_color_gradient_direction=&#8221;90deg&#8221; background_color_gradient_stops=&#8221;#f7f7f7 56%|#ffffff 56%&#8221; background_color_gradient_start=&#8221;#f7f7f7&#8243; background_color_gradient_start_position=&#8221;56%&#8221; background_color_gradient_end=&#8221;#ffffff&#8221; background_color_gradient_end_position=&#8221;0%&#8221; background_image=&#8221;https:\/\/alfaenergia.org\/wp-content\/uploads\/2023\/07\/green-energy-38_v2.png&#8221; background_size=&#8221;initial&#8221; background_position=&#8221;top_left&#8221; background_blend=&#8221;screen&#8221; custom_margin=&#8221;|||||&#8221; custom_padding=&#8221;||140px|||&#8221; background_last_edited=&#8221;on|tablet&#8221; use_background_color_gradient_tablet=&#8221;on&#8221; background_color_gradient_stops_tablet=&#8221;#f7f7f7 100%|#ffffff 100%&#8221; background_color_gradient_start_position_tablet=&#8221;100%&#8221; locked=&#8221;off&#8221; global_colors_info=&#8221;{}&#8221;][et_pb_row column_structure=&#8221;1_2,1_2&#8243; custom_padding_last_edited=&#8221;on|phone&#8221; padding_left_right_link_1=&#8221;false&#8221; _builder_version=&#8221;4.21.0&#8243; background_image=&#8221;https:\/\/alfaenergia.org\/wp-content\/uploads\/2023\/07\/green-energy-20.png&#8221; background_size=&#8221;initial&#8221; background_position=&#8221;top_left&#8221; background_vertical_offset=&#8221;21%&#8221; max_width=&#8221;1120px&#8221; custom_margin=&#8221;||&#8221; custom_padding=&#8221;|||20px&#8221; custom_padding_tablet=&#8221;&#8221; custom_padding_phone=&#8221;|||0px&#8221; global_colors_info=&#8221;{}&#8221;][et_pb_column type=&#8221;1_2&#8243; _builder_version=&#8221;4.16&#8243; background_repeat=&#8221;repeat&#8221; custom_padding=&#8221;|||&#8221; global_colors_info=&#8221;{}&#8221; custom_padding__hover=&#8221;|||&#8221;][et_pb_text _builder_version=&#8221;4.22.1&#8243; text_font=&#8221;||||||||&#8221; text_font_size=&#8221;20px&#8221; text_line_height=&#8221;1.8em&#8221; header_font_size=&#8221;60px&#8221; header_line_height=&#8221;1.3em&#8221; custom_margin=&#8221;||60px&#8221; text_font_size_tablet=&#8221;&#8221; text_font_size_phone=&#8221;14px&#8221; text_font_size_last_edited=&#8221;on|desktop&#8221; header_font_size_tablet=&#8221;50px&#8221; header_font_size_phone=&#8221;30px&#8221; header_font_size_last_edited=&#8221;on|phone&#8221; global_colors_info=&#8221;{}&#8221;]<\/p>\n<h1>Conhe\u00e7a a ALFA<\/h1>\n<p>[\/et_pb_text][et_pb_cta button_url=&#8221;#&#8221; _builder_version=&#8221;4.22.1&#8243; header_font=&#8221;Bitter||||||||&#8221; header_font_size=&#8221;42px&#8221; header_line_height=&#8221;1.2em&#8221; body_font=&#8221;||||||||&#8221; body_font_size=&#8221;18px&#8221; body_line_height=&#8221;1.8em&#8221; background_color=&#8221;#A1AD74&#8243; custom_button=&#8221;on&#8221; button_text_size=&#8221;14px&#8221; button_text_color=&#8221;#385A3E&#8221; button_bg_color=&#8221;#D0CFCE&#8221; button_border_color=&#8221;rgba(0,0,0,0)&#8221; button_border_radius=&#8221;15px&#8221; button_letter_spacing=&#8221;2px&#8221; button_font=&#8221;Raleway|700||on|||||&#8221; button_icon=&#8221;&#x24;||divi||400&#8243; button_custom_margin=&#8221;10px||14px&#8221; button_custom_padding=&#8221;14px|40px|14px|40px|true|true&#8221; z_index=&#8221;6&#8243; text_orientation=&#8221;left&#8221; custom_margin=&#8221;||&#8221; custom_padding=&#8221;60px|60px|60px|60px|true|true&#8221; custom_padding_tablet=&#8221;&#8221; custom_padding_phone=&#8221;30px|30px|30px|30px|true|true&#8221; custom_padding_last_edited=&#8221;on|phone&#8221; header_font_size_tablet=&#8221;36px&#8221; header_font_size_phone=&#8221;26px&#8221; header_font_size_last_edited=&#8221;on|tablet&#8221; body_font_size_tablet=&#8221;&#8221; body_font_size_phone=&#8221;14px&#8221; body_font_size_last_edited=&#8221;on|desktop&#8221; box_shadow_style=&#8221;preset1&#8243; box_shadow_vertical=&#8221;24px&#8221; box_shadow_blur=&#8221;100px&#8221; box_shadow_spread=&#8221;-30px&#8221; box_shadow_color=&#8221;rgba(0,0,0,0.24)&#8221; locked=&#8221;off&#8221; global_colors_info=&#8221;{}&#8221;]<\/p>\n<p>Fundada no ano de 2020 em Goi\u00e1s, a ALFA \u00e9 formada por profissionais altamente capacitados e apaixonados por gera\u00e7\u00e3o de energia consciente e respons\u00e1vel.<\/p>\n<p>Desde ent\u00e3o, atua no mercado de forma personalizada, oferecendo solu\u00e7\u00f5es para casas, empresas, com\u00e9rcios e ind\u00fastrias a partir do uso de tecnologias inovadoras e que garantem facilidade, excel\u00eancia e<br \/>simplicidade para a vida de cada cliente.<\/p>\n<p>Al\u00e9m disso, a ALFA tamb\u00e9m oferece servi\u00e7os de manuten\u00e7\u00e3o cuidadosamente planejados para garantir seguran\u00e7a e energia renov\u00e1vel ilimitada.<\/p>\n<p>[\/et_pb_cta][\/et_pb_column][et_pb_column type=&#8221;1_2&#8243; _builder_version=&#8221;4.16&#8243; custom_padding=&#8221;|||&#8221; global_colors_info=&#8221;{}&#8221; custom_padding__hover=&#8221;|||&#8221;][et_pb_image src=&#8221;https:\/\/alfaenergia.org\/wp-content\/uploads\/2023\/07\/moritz-kindler-gD8IO0E4OZM-unsplash2-scaled.jpg&#8221; title_text=&#8221;moritz-kindler-gD8IO0E4OZM-unsplash2&#8243; _builder_version=&#8221;4.21.0&#8243; background_enable_image=&#8221;off&#8221; custom_margin=&#8221;-100px|-12vw||&#8221; custom_margin_tablet=&#8221;0px||&#8221; custom_margin_phone=&#8221;&#8221; custom_margin_last_edited=&#8221;on|desktop&#8221; custom_padding=&#8221;||77.6%|||&#8221; custom_padding_tablet=&#8221;&#8221; custom_padding_phone=&#8221;||40%&#8221; custom_padding_last_edited=&#8221;on|desktop&#8221; filter_saturate=&#8221;93%&#8221; filter_brightness=&#8221;84%&#8221; global_colors_info=&#8221;{}&#8221;][\/et_pb_image][\/et_pb_column][\/et_pb_row][et_pb_row column_structure=&#8221;1_3,1_3,1_3&#8243; _builder_version=&#8221;4.16&#8243; locked=&#8221;off&#8221; global_colors_info=&#8221;{}&#8221;][et_pb_column type=&#8221;1_3&#8243; _builder_version=&#8221;4.16&#8243; custom_padding=&#8221;|||&#8221; custom_padding_tablet=&#8221;0px||30px&#8221; custom_padding_phone=&#8221;0px||30px&#8221; custom_padding_last_edited=&#8221;on|tablet&#8221; global_colors_info=&#8221;{}&#8221; custom_padding__hover=&#8221;|||&#8221;][et_pb_blurb title=&#8221;Miss\u00e3o&#8221; use_icon=&#8221;on&#8221; font_icon=&#8221;&#x5c;||divi||400&#8243; icon_color=&#8221;#A1AD74&#8243; icon_placement=&#8221;left&#8221; image_icon_width=&#8221;32px&#8221; _builder_version=&#8221;4.22.1&#8243; header_level=&#8221;h3&#8243; header_text_color=&#8221;#385A3E&#8221; header_line_height=&#8221;1.8em&#8221; body_font=&#8221;||||||||&#8221; body_text_align=&#8221;left&#8221; body_text_color=&#8221;#4F4A4C&#8221; body_font_size=&#8221;16px&#8221; body_line_height=&#8221;1.8em&#8221; body_font_size_tablet=&#8221;&#8221; body_font_size_phone=&#8221;14px&#8221; body_font_size_last_edited=&#8221;on|desktop&#8221; icon_font_size=&#8221;32px&#8221; global_colors_info=&#8221;{}&#8221;]<\/p>\n<p>Garantir solu\u00e7\u00f5es energ\u00e9ticas sustent\u00e1veis e inteligentes, de modo a trazer tranquilidade para clientes desde o processo de instala\u00e7\u00e3o at\u00e9 a manuten\u00e7\u00e3o.<\/p>\n<p>[\/et_pb_blurb][et_pb_blurb title=&#8221;Vis\u00e3o&#8221; use_icon=&#8221;on&#8221; font_icon=&#8221;&#x5c;||divi||400&#8243; icon_color=&#8221;#A1AD74&#8243; icon_placement=&#8221;left&#8221; image_icon_width=&#8221;32px&#8221; _builder_version=&#8221;4.22.1&#8243; header_level=&#8221;h3&#8243; header_text_color=&#8221;#385A3E&#8221; header_line_height=&#8221;1.8em&#8221; body_font=&#8221;||||||||&#8221; body_text_align=&#8221;left&#8221; body_text_color=&#8221;#4F4A4C&#8221; body_font_size=&#8221;16px&#8221; body_line_height=&#8221;1.8em&#8221; body_font_size_tablet=&#8221;&#8221; body_font_size_phone=&#8221;14px&#8221; body_font_size_last_edited=&#8221;on|desktop&#8221; icon_font_size=&#8221;32px&#8221; global_colors_info=&#8221;{}&#8221;]<\/p>\n<p>Ser a empresa l\u00edder em satisfa\u00e7\u00e3o de solu\u00e7\u00f5es energ\u00e9ticas em Goi\u00e1s.<\/p>\n<p>[\/et_pb_blurb][et_pb_blurb title=&#8221;Valores&#8221; use_icon=&#8221;on&#8221; font_icon=&#8221;&#x5c;||divi||400&#8243; icon_color=&#8221;#A1AD74&#8243; icon_placement=&#8221;left&#8221; image_icon_width=&#8221;32px&#8221; _builder_version=&#8221;4.22.1&#8243; header_level=&#8221;h3&#8243; header_text_color=&#8221;#385A3E&#8221; header_line_height=&#8221;1.8em&#8221; body_font=&#8221;||||||||&#8221; body_text_align=&#8221;left&#8221; body_text_color=&#8221;#4F4A4C&#8221; body_font_size=&#8221;16px&#8221; body_line_height=&#8221;1.8em&#8221; body_font_size_tablet=&#8221;&#8221; body_font_size_phone=&#8221;14px&#8221; body_font_size_last_edited=&#8221;on|desktop&#8221; icon_font_size=&#8221;32px&#8221; global_colors_info=&#8221;{}&#8221;]<\/p>\n<p>Com muita excel\u00eancia, agilidade e transpar\u00eancia, a Alfa atua antes, durante e depois da instala\u00e7\u00e3o de usinas e sistemas de energia solar de forma \u00e9tica e \u00edntegra, usando a inova\u00e7\u00e3o tecnol\u00f3gica como pilar para proporcionar sustentabilidade econ\u00f4mica e ambiental.<\/p>\n<p>[\/et_pb_blurb][\/et_pb_column][et_pb_column type=&#8221;1_3&#8243; _builder_version=&#8221;4.16&#8243; custom_padding=&#8221;|||&#8221; global_colors_info=&#8221;{}&#8221; custom_padding__hover=&#8221;|||&#8221;][et_pb_image src=&#8221;https:\/\/alfaenergia.org\/wp-content\/uploads\/2023\/07\/american-public-power-association-XGAZzyLzn18-unsplash.jpg&#8221; title_text=&#8221;american-public-power-association-XGAZzyLzn18-unsplash&#8221; _builder_version=&#8221;4.21.0&#8243; custom_margin=&#8221;-110px||&#8221; custom_margin_tablet=&#8221;0px||&#8221; custom_margin_phone=&#8221;&#8221; custom_margin_last_edited=&#8221;on|tablet&#8221; filter_saturate=&#8221;76%&#8221; filter_contrast=&#8221;87%&#8221; box_shadow_style=&#8221;preset3&#8243; box_shadow_horizontal=&#8221;45px&#8221; box_shadow_vertical=&#8221;60px&#8221; box_shadow_blur=&#8221;150px&#8221; box_shadow_spread=&#8221;-15px&#8221; box_shadow_color=&#8221;rgba(0,0,0,0.74)&#8221; global_colors_info=&#8221;{}&#8221;][\/et_pb_image][\/et_pb_column][et_pb_column type=&#8221;1_3&#8243; _builder_version=&#8221;4.16&#8243; custom_padding=&#8221;|||&#8221; global_colors_info=&#8221;{}&#8221; custom_padding__hover=&#8221;|||&#8221;][et_pb_text _builder_version=&#8221;4.22.1&#8243; text_font=&#8221;||||||||&#8221; text_text_color=&#8221;#4F4A4C&#8221; text_font_size=&#8221;16px&#8221; text_line_height=&#8221;1.8em&#8221; header_font=&#8221;||||||||&#8221; header_3_text_color=&#8221;#A1AD74&#8243; header_3_font_size=&#8221;32px&#8221; header_3_line_height=&#8221;1.4em&#8221; custom_margin=&#8221;-400px||||false|false&#8221; custom_margin_tablet=&#8221;0px||&#8221; custom_margin_phone=&#8221;&#8221; custom_margin_last_edited=&#8221;on|desktop&#8221; text_font_size_tablet=&#8221;&#8221; text_font_size_phone=&#8221;14px&#8221; text_font_size_last_edited=&#8221;on|desktop&#8221; header_3_font_size_tablet=&#8221;32px&#8221; header_3_font_size_phone=&#8221;26px&#8221; header_3_font_size_last_edited=&#8221;on|phone&#8221; text_text_align=&#8221;left&#8221; locked=&#8221;off&#8221; global_colors_info=&#8221;{}&#8221;]<\/p>\n<h3>Seguran\u00e7a energ\u00e9tica por um futuro melhor<\/h3>\n<p>A Alfa defende alternativas sustent\u00e1veis e eficientes para garantir eletricidade para o mundo sem causar impactos no meio ambiente. Por isso, acredita na capacidade de diversificar a distribui\u00e7\u00e3o de energia e viabilizar o fornecimento de forma renov\u00e1vel, independente, eficiente e de baixo custo para toda popula\u00e7\u00e3o.<\/p>\n<p>[\/et_pb_text][\/et_pb_column][\/et_pb_row][\/et_pb_section][et_pb_section fb_built=&#8221;1&#8243; fullwidth=&#8221;on&#8221; admin_label=&#8221;Footer&#8221; _builder_version=&#8221;4.21.0&#8243; use_background_color_gradient=&#8221;on&#8221; background_color_gradient_stops=&#8221;rgba(161,173,116,0.52) 0%|rgba(56,90,62,0.45) 98%&#8221; background_image=&#8221;https:\/\/alfaenergia.org\/wp-content\/uploads\/2023\/07\/scott-graham-5fNmWej4tAA-unsplash.jpg&#8221; width_tablet=&#8221;100%&#8221; width_phone=&#8221;&#8221; width_last_edited=&#8221;on|desktop&#8221; module_alignment=&#8221;right&#8221; locked=&#8221;off&#8221; global_colors_info=&#8221;{}&#8221; theme_builder_area=&#8221;post_content&#8221;][et_pb_fullwidth_header title=&#8221;Pense verde, pense em energia renovavel.&#8221; text_orientation=&#8221;center&#8221; button_one_text=&#8221;Quero saber mais&#8221; button_one_url=&#8221;@ET-DC@eyJkeW5hbWljIjp0cnVlLCJjb250ZW50IjoicG9zdF9saW5rX3VybF9wYWdlIiwic2V0dGluZ3MiOnsicG9zdF9pZCI6IjI0In19@&#8221; button_two_text=&#8221;Calculadora solar&#8221; button_two_url=&#8221;@ET-DC@eyJkeW5hbWljIjp0cnVlLCJjb250ZW50IjoicG9zdF9saW5rX3VybF9wYWdlIiwic2V0dGluZ3MiOnsicG9zdF9pZCI6IjI0MTYzOCJ9fQ==@&#8221; _builder_version=&#8221;4.23&#8243; _dynamic_attributes=&#8221;button_one_url,button_two_url&#8221; title_text_color=&#8221;#EDE7E3&#8243; title_font_size=&#8221;42px&#8221; title_line_height=&#8221;1.2em&#8221; content_font=&#8221;||||||||&#8221; content_text_color=&#8221;#EDE7E3&#8243; content_font_size=&#8221;18px&#8221; content_line_height=&#8221;1.8em&#8221; background_color=&#8221;RGBA(255,255,255,0)&#8221; use_background_color_gradient=&#8221;on&#8221; background_color_gradient_stops=&#8221;rgba(56,90,62,0.77) 47%|#385a3e 100%&#8221; background_color_gradient_overlays_image=&#8221;on&#8221; background_image=&#8221;https:\/\/alfaenergia.org\/wp-content\/uploads\/2023\/07\/scott-graham-5fNmWej4tAA-unsplash.jpg&#8221; custom_button_one=&#8221;on&#8221; button_one_text_size=&#8221;14px&#8221; button_one_text_color=&#8221;#4F4A4C&#8221; button_one_bg_color=&#8221;#EDE7E3&#8243; button_one_border_color=&#8221;rgba(0,0,0,0)&#8221; button_one_border_radius=&#8221;15px&#8221; button_one_letter_spacing=&#8221;2px&#8221; button_one_font=&#8221;|700||on|||||&#8221; button_one_icon=&#8221;&#x24;||divi||400&#8243; button_one_custom_padding=&#8221;15px|40px|15px|40px|true|true&#8221; custom_button_two=&#8221;on&#8221; button_two_text_size=&#8221;14px&#8221; button_two_text_color=&#8221;#EDE7E3&#8243; button_two_bg_color=&#8221;rgba(255,255,255,0)&#8221; button_two_border_color=&#8221;#EDE7E3&#8243; button_two_border_radius=&#8221;15px&#8221; button_two_letter_spacing=&#8221;2px&#8221; button_two_font=&#8221;|700||on|||||&#8221; button_two_icon=&#8221;&#x24;||divi||400&#8243; button_two_custom_padding=&#8221;15px|40px|15px|40px|true|true&#8221; custom_padding=&#8221;10vw|0px|10vw||true|false&#8221; custom_padding_tablet=&#8221;|0vw||&#8221; custom_padding_phone=&#8221;&#8221; custom_padding_last_edited=&#8221;on|desktop&#8221; title_font_size_tablet=&#8221;32px&#8221; title_font_size_phone=&#8221;26px&#8221; title_font_size_last_edited=&#8221;on|phone&#8221; content_font_size_tablet=&#8221;&#8221; content_font_size_phone=&#8221;14px&#8221; content_font_size_last_edited=&#8221;on|desktop&#8221; custom_css_header_container=&#8221;width: 100%;&#8221; global_colors_info=&#8221;{}&#8221; theme_builder_area=&#8221;post_content&#8221;]<\/p>\n<p>A produ\u00e7\u00e3o consciente de energia proporciona o melhor aproveitamento de recursos naturais de maneira limpa, transparente e respons\u00e1vel.<\/p>\n<p>[\/et_pb_fullwidth_header][\/et_pb_section]<\/p>\n","protected":false},"excerpt":{"rendered":"<p>Conhe\u00e7a a ALFAFundada no ano de 2020 em Goi\u00e1s, a ALFA \u00e9 formada por profissionais altamente capacitados e apaixonados por gera\u00e7\u00e3o de energia consciente e respons\u00e1vel. Desde ent\u00e3o, atua no mercado de forma personalizada, oferecendo solu\u00e7\u00f5es para casas, empresas, com\u00e9rcios e ind\u00fastrias a partir do uso de tecnologias inovadoras e que garantem facilidade, excel\u00eancia esimplicidade [&hellip;]<\/p>\n","protected":false},"author":1,"featured_media":0,"parent":0,"menu_order":0,"comment_status":"closed","ping_status":"closed","template":"","meta":{"_et_pb_use_builder":"on","_et_pb_old_content":"<!-- wp:divi\/placeholder \/-->","_et_gb_content_width":"","inline_featured_image":false,"footnotes":""},"_links":{"self":[{"href":"https:\/\/alfaenergia.org\/index.php\/wp-json\/wp\/v2\/pages\/24"}],"collection":[{"href":"https:\/\/alfaenergia.org\/index.php\/wp-json\/wp\/v2\/pages"}],"about":[{"href":"https:\/\/alfaenergia.org\/index.php\/wp-json\/wp\/v2\/types\/page"}],"author":[{"embeddable":true,"href":"https:\/\/alfaenergia.org\/index.php\/wp-json\/wp\/v2\/users\/1"}],"replies":[{"embeddable":true,"href":"https:\/\/alfaenergia.org\/index.php\/wp-json\/wp\/v2\/comments?post=24"}],"version-history":[{"count":16,"href":"https:\/\/alfaenergia.org\/index.php\/wp-json\/wp\/v2\/pages\/24\/revisions"}],"predecessor-version":[{"id":241779,"href":"https:\/\/alfaenergia.org\/index.php\/wp-json\/wp\/v2\/pages\/24\/revisions\/241779"}],"wp:attachment":[{"href":"https:\/\/alfaenergia.org\/index.php\/wp-json\/wp\/v2\/media?parent=24"}],"curies":[{"name":"wp","href":"https:\/\/api.w.org\/{rel}","templated":true}]}}