{"id":26,"date":"2023-07-23T17:07:36","date_gmt":"2023-07-23T17:07:36","guid":{"rendered":"https:\/\/alfaenergia.org\/?page_id=26"},"modified":"2023-11-02T14:23:28","modified_gmt":"2023-11-02T17:23:28","slug":"solucoes","status":"publish","type":"page","link":"https:\/\/alfaenergia.org\/index.php\/solucoes\/","title":{"rendered":"Solu\u00e7\u00f5es"},"content":{"rendered":"<p>[et_pb_section fb_built=&#8221;1&#8243; admin_label=&#8221;Header&#8221; _builder_version=&#8221;4.21.0&#8243; background_color=&#8221;#f7f7f7&#8243; use_background_color_gradient=&#8221;on&#8221; background_color_gradient_direction=&#8221;90deg&#8221; background_color_gradient_stops=&#8221;#ede7e3 64%|#ffffff 64%&#8221; background_color_gradient_start=&#8221;#f7f7f7&#8243; background_color_gradient_start_position=&#8221;66%&#8221; background_color_gradient_end=&#8221;#ffffff&#8221; background_color_gradient_end_position=&#8221;0%&#8221; custom_margin=&#8221;|||||&#8221; custom_padding=&#8221;||0px|||&#8221; background_last_edited=&#8221;on|tablet&#8221; use_background_color_gradient_tablet=&#8221;on&#8221; background_color_gradient_stops_tablet=&#8221;#f7f7f7 100%|#ffffff 100%&#8221; background_color_gradient_start_position_tablet=&#8221;100%&#8221; locked=&#8221;off&#8221; global_colors_info=&#8221;{}&#8221;][et_pb_row column_structure=&#8221;1_2,1_2&#8243; custom_padding_last_edited=&#8221;on|phone&#8221; padding_left_right_link_1=&#8221;false&#8221; _builder_version=&#8221;4.21.0&#8243; background_enable_image=&#8221;off&#8221; background_size=&#8221;initial&#8221; background_position=&#8221;top_left&#8221; custom_padding=&#8221;|||20px&#8221; custom_padding_tablet=&#8221;&#8221; custom_padding_phone=&#8221;|||0px&#8221; global_colors_info=&#8221;{}&#8221;][et_pb_column type=&#8221;1_2&#8243; _builder_version=&#8221;4.21.0&#8243; background_repeat=&#8221;repeat&#8221; custom_padding=&#8221;|20px||&#8221; custom_padding_tablet=&#8221;|0px||&#8221; custom_padding_phone=&#8221;|0px||&#8221; custom_padding_last_edited=&#8221;on|tablet&#8221; global_colors_info=&#8221;{}&#8221; custom_padding__hover=&#8221;|||&#8221;][et_pb_text _builder_version=&#8221;4.22.1&#8243; text_font=&#8221;||||||||&#8221; text_text_color=&#8221;#4F4A4C&#8221; text_font_size=&#8221;20px&#8221; text_line_height=&#8221;1.8em&#8221; header_text_color=&#8221;#A1AD74&#8243; header_font_size=&#8221;60px&#8221; header_line_height=&#8221;1.3em&#8221; custom_margin=&#8221;||60px&#8221; text_font_size_tablet=&#8221;&#8221; text_font_size_phone=&#8221;14px&#8221; text_font_size_last_edited=&#8221;on|desktop&#8221; header_font_size_tablet=&#8221;50px&#8221; header_font_size_phone=&#8221;30px&#8221; header_font_size_last_edited=&#8221;on|phone&#8221; global_colors_info=&#8221;{}&#8221;]<\/p>\n<h1><span style=\"color: #385a3e;\">Eletricidade<\/span> na medida certa<\/h1>\n<p>Sistemas de gera\u00e7\u00e3o de energia para a sua casa, com\u00e9rcio, condom\u00ednios ou tenha sua pr\u00f3pria usina solar para garantir energia limpa, econ\u00f4mica e de acordo com as suas necessidades.[\/et_pb_text][et_pb_button button_text=&#8221;Fale com um especialista&#8221; _builder_version=&#8221;4.21.0&#8243; global_colors_info=&#8221;{}&#8221;][\/et_pb_button][\/et_pb_column][et_pb_column type=&#8221;1_2&#8243; _builder_version=&#8221;4.16&#8243; custom_padding=&#8221;|||&#8221; global_colors_info=&#8221;{}&#8221; custom_padding__hover=&#8221;|||&#8221;][et_pb_image src=&#8221;https:\/\/alfaenergia.org\/wp-content\/uploads\/2023\/07\/moritz-kindler-gD8IO0E4OZM-unsplash3-scaled.jpg&#8221; title_text=&#8221;moritz-kindler-gD8IO0E4OZM-unsplash3&#8243; _builder_version=&#8221;4.21.0&#8243; background_enable_image=&#8221;off&#8221; custom_margin=&#8221;-100px|-12vw||&#8221; custom_margin_tablet=&#8221;0px|||&#8221; custom_margin_phone=&#8221;&#8221; custom_margin_last_edited=&#8221;on|tablet&#8221; custom_padding=&#8221;||20.7%|||&#8221; custom_padding_tablet=&#8221;||40%|&#8221; custom_padding_phone=&#8221;||40%&#8221; custom_padding_last_edited=&#8221;on|tablet&#8221; global_colors_info=&#8221;{}&#8221;][\/et_pb_image][\/et_pb_column][\/et_pb_row][et_pb_row use_custom_gutter=&#8221;on&#8221; gutter_width=&#8221;2&#8243; _builder_version=&#8221;4.21.0&#8243; background_color=&#8221;#385A3E&#8221; z_index=&#8221;10&#8243; custom_margin=&#8221;|auto|-50px|auto||&#8221; custom_padding=&#8221;50px|30px|50px|30px|true|true&#8221; global_colors_info=&#8221;{}&#8221;][et_pb_column type=&#8221;4_4&#8243; _builder_version=&#8221;4.16&#8243; custom_padding=&#8221;|||&#8221; global_colors_info=&#8221;{}&#8221; custom_padding__hover=&#8221;|||&#8221;][et_pb_text _builder_version=&#8221;4.22.1&#8243; _module_preset=&#8221;default&#8221; header_text_align=&#8221;center&#8221; header_2_text_align=&#8221;center&#8221; header_2_text_color=&#8221;#EDE7E3&#8243; global_colors_info=&#8221;{}&#8221;]<\/p>\n<h2>A ALFA tem a solu\u00e7\u00e3o perfeita para iluminar o planeta<\/h2>\n<p>[\/et_pb_text][\/et_pb_column][\/et_pb_row][et_pb_row column_structure=&#8221;1_5,1_5,1_5,1_5,1_5&#8243; use_custom_gutter=&#8221;on&#8221; gutter_width=&#8221;2&#8243; _builder_version=&#8221;4.22.1&#8243; background_color=&#8221;#385A3E&#8221; z_index=&#8221;10&#8243; custom_margin=&#8221;|auto|-50px|auto||&#8221; custom_padding=&#8221;70px|40px|70px|40px|true|true&#8221; global_colors_info=&#8221;{}&#8221;][et_pb_column type=&#8221;1_5&#8243; _builder_version=&#8221;4.16&#8243; custom_padding=&#8221;|||&#8221; global_colors_info=&#8221;{}&#8221; custom_padding__hover=&#8221;|||&#8221;][et_pb_blurb title=&#8221;Energia solar para casas&#8221; image=&#8221;https:\/\/alfaenergia.org\/wp-content\/uploads\/2023\/07\/Board_Icons-10.svg&#8221; image_icon_width=&#8221;30%&#8221; _builder_version=&#8221;4.22.1&#8243; header_text_color=&#8221;#EDE7E3&#8243; header_font_size=&#8221;24px&#8221; header_line_height=&#8221;1.4em&#8221; body_font=&#8221;||||||||&#8221; body_text_color=&#8221;#A1AD74&#8243; body_line_height=&#8221;1.8em&#8221; text_orientation=&#8221;center&#8221; background_layout=&#8221;dark&#8221; custom_margin=&#8221;||0px&#8221; header_font_size_tablet=&#8221;&#8221; header_font_size_phone=&#8221;20px&#8221; header_font_size_last_edited=&#8221;on|phone&#8221; body_font_size_tablet=&#8221;&#8221; body_font_size_phone=&#8221;14px&#8221; body_font_size_last_edited=&#8221;on|desktop&#8221; locked=&#8221;off&#8221; global_colors_info=&#8221;{}&#8221;]<\/p>\n<p>Sistema simples, discreto e eficiente para economizar na conta de luz.<\/p>\n<p>[\/et_pb_blurb][\/et_pb_column][et_pb_column type=&#8221;1_5&#8243; _builder_version=&#8221;4.16&#8243; custom_padding=&#8221;|||&#8221; global_colors_info=&#8221;{}&#8221; custom_padding__hover=&#8221;|||&#8221;][et_pb_blurb title=&#8221;Energia solar para com\u00e9rcio&#8221; image=&#8221;https:\/\/alfaenergia.org\/wp-content\/uploads\/2023\/07\/Board_Icons-04.svg&#8221; image_icon_width=&#8221;30%&#8221; _builder_version=&#8221;4.22.1&#8243; header_text_color=&#8221;#EDE7E3&#8243; header_font_size=&#8221;24px&#8221; header_line_height=&#8221;1.4em&#8221; body_font=&#8221;||||||||&#8221; body_text_color=&#8221;#A1AD74&#8243; body_line_height=&#8221;1.8em&#8221; text_orientation=&#8221;center&#8221; background_layout=&#8221;dark&#8221; custom_margin=&#8221;||0px&#8221; header_font_size_tablet=&#8221;&#8221; header_font_size_phone=&#8221;20px&#8221; header_font_size_last_edited=&#8221;on|phone&#8221; body_font_size_tablet=&#8221;&#8221; body_font_size_phone=&#8221;14px&#8221; body_font_size_last_edited=&#8221;on|desktop&#8221; locked=&#8221;off&#8221; global_colors_info=&#8221;{}&#8221;]<\/p>\n<p>Mais estabilidade, seguran\u00e7a e economia com excelente retorno de curto a m\u00e9dio prazo ao economizar o consumo de energia.<\/p>\n<p>[\/et_pb_blurb][\/et_pb_column][et_pb_column type=&#8221;1_5&#8243; _builder_version=&#8221;4.16&#8243; custom_padding=&#8221;|||&#8221; global_colors_info=&#8221;{}&#8221; custom_padding__hover=&#8221;|||&#8221;][et_pb_blurb title=&#8221;Condom\u00ednio solar&#8221; image=&#8221;https:\/\/alfaenergia.org\/wp-content\/uploads\/2023\/07\/Board_Icons-06.svg&#8221; image_icon_width=&#8221;30%&#8221; _builder_version=&#8221;4.22.1&#8243; header_text_color=&#8221;#EDE7E3&#8243; header_font_size=&#8221;24px&#8221; header_line_height=&#8221;1.4em&#8221; body_font=&#8221;||||||||&#8221; body_text_color=&#8221;#A1AD74&#8243; body_line_height=&#8221;1.8em&#8221; text_orientation=&#8221;center&#8221; background_layout=&#8221;dark&#8221; custom_margin=&#8221;||0px&#8221; header_font_size_tablet=&#8221;&#8221; header_font_size_phone=&#8221;20px&#8221; header_font_size_last_edited=&#8221;on|phone&#8221; body_font_size_tablet=&#8221;&#8221; body_font_size_phone=&#8221;14px&#8221; body_font_size_last_edited=&#8221;on|desktop&#8221; locked=&#8221;off&#8221; global_colors_info=&#8221;{}&#8221;]<\/p>\n<p>Sistema \u00fanico capaz de gerar energia de apartamentos ou casas de forma coletiva.<\/p>\n<p>[\/et_pb_blurb][\/et_pb_column][et_pb_column type=&#8221;1_5&#8243; _builder_version=&#8221;4.16&#8243; custom_padding=&#8221;|||&#8221; global_colors_info=&#8221;{}&#8221; custom_padding__hover=&#8221;|||&#8221;][et_pb_blurb title=&#8221;Rural&#8221; image=&#8221;https:\/\/alfaenergia.org\/wp-content\/uploads\/2023\/11\/Board_Icons_Rural-11.svg&#8221; image_icon_width=&#8221;30%&#8221; _builder_version=&#8221;4.23&#8243; header_font=&#8221;Kimura Sans Regular||||||||&#8221; header_font_size=&#8221;24px&#8221; header_line_height=&#8221;1.4em&#8221; body_font=&#8221;||||||||&#8221; body_text_color=&#8221;#A1AD74&#8243; body_line_height=&#8221;1.8em&#8221; text_orientation=&#8221;center&#8221; background_layout=&#8221;dark&#8221; custom_margin=&#8221;||0px&#8221; hover_enabled=&#8221;0&#8243; header_font_size_tablet=&#8221;&#8221; header_font_size_phone=&#8221;20px&#8221; header_font_size_last_edited=&#8221;on|phone&#8221; body_font_size_tablet=&#8221;&#8221; body_font_size_phone=&#8221;14px&#8221; body_font_size_last_edited=&#8221;on|desktop&#8221; locked=&#8221;off&#8221; global_colors_info=&#8221;{}&#8221; title_text=&#8221;Board_Icons_Rural-11&#8243; sticky_enabled=&#8221;0&#8243;]<\/p>\n<p>Energia limpa, autonomia e baixa manuten\u00e7\u00e3o.<\/p>\n<p>[\/et_pb_blurb][\/et_pb_column][et_pb_column type=&#8221;1_5&#8243; _builder_version=&#8221;4.16&#8243; custom_padding=&#8221;|||&#8221; global_colors_info=&#8221;{}&#8221; custom_padding__hover=&#8221;|||&#8221;][et_pb_blurb title=&#8221;Usina solar&#8221; image=&#8221;https:\/\/alfaenergia.org\/wp-content\/uploads\/2023\/07\/Board_Icons-08.svg&#8221; image_icon_width=&#8221;30%&#8221; _builder_version=&#8221;4.22.1&#8243; header_font=&#8221;Kimura Sans Regular||||||||&#8221; header_font_size=&#8221;24px&#8221; header_line_height=&#8221;1.4em&#8221; body_font=&#8221;||||||||&#8221; body_text_color=&#8221;#A1AD74&#8243; body_line_height=&#8221;1.8em&#8221; text_orientation=&#8221;center&#8221; background_layout=&#8221;dark&#8221; custom_margin=&#8221;||0px&#8221; header_font_size_tablet=&#8221;&#8221; header_font_size_phone=&#8221;20px&#8221; header_font_size_last_edited=&#8221;on|phone&#8221; body_font_size_tablet=&#8221;&#8221; body_font_size_phone=&#8221;14px&#8221; body_font_size_last_edited=&#8221;on|desktop&#8221; locked=&#8221;off&#8221; global_colors_info=&#8221;{}&#8221;]<\/p>\n<p>A sua pr\u00f3pria esta\u00e7\u00e3o solar para gerar energia renov\u00e1vel e sustent\u00e1vel, garantindo um projeto \u00fanico e personalizado.<\/p>\n<p>[\/et_pb_blurb][\/et_pb_column][\/et_pb_row][\/et_pb_section][et_pb_section fb_built=&#8221;1&#8243; admin_label=&#8221;Feature&#8221; _builder_version=&#8221;4.16&#8243; custom_margin=&#8221;||0px&#8221; custom_padding=&#8221;140px|||||&#8221; global_colors_info=&#8221;{}&#8221; header_font_size_phone=&#8221;20px&#8221; header_font_size_last_edited=&#8221;on|phone&#8221; body_font_size_phone=&#8221;14px&#8221; body_font_size_last_edited=&#8221;on|desktop&#8221; header_font_size_tablet=&#8221;24px&#8221;][et_pb_row column_structure=&#8221;1_2,1_2&#8243; _builder_version=&#8221;4.16&#8243; custom_padding=&#8221;0px|||||&#8221; global_colors_info=&#8221;{}&#8221;][et_pb_column type=&#8221;1_2&#8243; _builder_version=&#8221;4.16&#8243; custom_padding=&#8221;|||&#8221; global_colors_info=&#8221;{}&#8221; custom_padding__hover=&#8221;|||&#8221;][et_pb_image src=&#8221;https:\/\/alfaenergia.org\/wp-content\/uploads\/2023\/07\/green-energy-39.jpg&#8221; _builder_version=&#8221;4.21.0&#8243; module_alignment=&#8221;right&#8221; box_shadow_style=&#8221;preset1&#8243; global_colors_info=&#8221;{}&#8221;][\/et_pb_image][\/et_pb_column][et_pb_column type=&#8221;1_2&#8243; _builder_version=&#8221;4.16&#8243; custom_padding=&#8221;150px|||&#8221; custom_padding_tablet=&#8221;0px|||&#8221; custom_padding_phone=&#8221;0px|||&#8221; custom_padding_last_edited=&#8221;on|tablet&#8221; global_colors_info=&#8221;{}&#8221; custom_padding__hover=&#8221;|||&#8221;][et_pb_text _builder_version=&#8221;4.22.1&#8243; text_font=&#8221;||||||||&#8221; text_font_size=&#8221;16px&#8221; text_line_height=&#8221;1.8em&#8221; header_2_font_size=&#8221;42px&#8221; header_2_line_height=&#8221;1.2em&#8221; text_font_size_tablet=&#8221;&#8221; text_font_size_phone=&#8221;14px&#8221; text_font_size_last_edited=&#8221;on|desktop&#8221; header_2_font_size_tablet=&#8221;32px&#8221; header_2_font_size_phone=&#8221;26px&#8221; header_2_font_size_last_edited=&#8221;on|phone&#8221; text_text_align=&#8221;left&#8221; locked=&#8221;off&#8221; global_colors_info=&#8221;{}&#8221;]<\/p>\n<h2>Consumo de energia pensado para o que voc\u00ea precisa<\/h2>\n<p>A Alfa est\u00e1 ao seu lado em todas as fases do seu projeto e ajuda voc\u00ea a gerar energia e a manuten\u00e7\u00e3o dela sem preocupa\u00e7\u00e3o.<\/p>\n<p>[\/et_pb_text][\/et_pb_column][\/et_pb_row][\/et_pb_section][et_pb_section fb_built=&#8221;1&#8243; specialty=&#8221;on&#8221; admin_label=&#8221;Feature&#8221; _builder_version=&#8221;4.21.0&#8243; background_enable_image=&#8221;off&#8221; background_size=&#8221;initial&#8221; background_position=&#8221;top_left&#8221; background_horizontal_offset=&#8221;-9%&#8221; locked=&#8221;off&#8221; global_colors_info=&#8221;{}&#8221;][et_pb_column type=&#8221;2_3&#8243; specialty_columns=&#8221;2&#8243; _builder_version=&#8221;4.16&#8243; custom_padding=&#8221;|||&#8221; global_colors_info=&#8221;{}&#8221; custom_padding__hover=&#8221;|||&#8221;][et_pb_row_inner custom_padding_last_edited=&#8221;on|desktop&#8221; _builder_version=&#8221;4.16&#8243; background_color=&#8221;#ffffff&#8221; custom_margin=&#8221;|||||false&#8221; custom_padding=&#8221;56px|48px||48px||true&#8221; custom_padding_tablet=&#8221;&#8221; custom_padding_phone=&#8221;|30px||30px||true&#8221; box_shadow_style=&#8221;preset1&#8243; box_shadow_vertical=&#8221;24px&#8221; box_shadow_blur=&#8221;100px&#8221; box_shadow_spread=&#8221;-30px&#8221; box_shadow_color=&#8221;rgba(0,0,0,0.24)&#8221; global_colors_info=&#8221;{}&#8221;][et_pb_column_inner saved_specialty_column_type=&#8221;2_3&#8243; _builder_version=&#8221;4.16&#8243; custom_padding=&#8221;|||&#8221; global_colors_info=&#8221;{}&#8221; custom_padding__hover=&#8221;|||&#8221;][et_pb_text _builder_version=&#8221;4.21.0&#8243; text_font=&#8221;||||||||&#8221; text_font_size=&#8221;16px&#8221; text_line_height=&#8221;1.8em&#8221; header_font=&#8221;||||||||&#8221; header_2_text_color=&#8221;#385A3E&#8221; header_2_font_size=&#8221;42px&#8221; header_2_line_height=&#8221;1.2em&#8221; text_orientation=&#8221;center&#8221; text_font_size_tablet=&#8221;&#8221; text_font_size_phone=&#8221;14px&#8221; text_font_size_last_edited=&#8221;on|desktop&#8221; header_2_font_size_tablet=&#8221;32px&#8221; header_2_font_size_phone=&#8221;26px&#8221; header_2_font_size_last_edited=&#8221;on|phone&#8221; locked=&#8221;off&#8221; global_colors_info=&#8221;{}&#8221;]<\/p>\n<h2>Economia e rentabilidade<\/h2>\n<p>[\/et_pb_text][et_pb_image src=&#8221;https:\/\/alfaenergia.org\/wp-content\/uploads\/2023\/07\/green-energy-37.jpg&#8221; _builder_version=&#8221;4.21.0&#8243; filter_hue_rotate=&#8221;328deg&#8221; filter_saturate=&#8221;20%&#8221; global_colors_info=&#8221;{}&#8221;][\/et_pb_image][\/et_pb_column_inner][\/et_pb_row_inner][\/et_pb_column][et_pb_column type=&#8221;1_3&#8243; _builder_version=&#8221;4.16&#8243; custom_padding=&#8221;|||&#8221; global_colors_info=&#8221;{}&#8221; custom_padding__hover=&#8221;|||&#8221;][et_pb_text _builder_version=&#8221;4.22.1&#8243; text_font=&#8221;||||||||&#8221; text_text_color=&#8221;#4F4A4C&#8221; text_font_size=&#8221;16px&#8221; text_line_height=&#8221;1.8em&#8221; header_font=&#8221;||||||||&#8221; header_3_text_color=&#8221;#A1AD74&#8243; header_3_font_size=&#8221;32px&#8221; header_3_line_height=&#8221;1.4em&#8221; custom_margin_tablet=&#8221;0px||&#8221; custom_margin_last_edited=&#8221;off|desktop&#8221; text_font_size_tablet=&#8221;&#8221; text_font_size_phone=&#8221;14px&#8221; text_font_size_last_edited=&#8221;on|desktop&#8221; header_3_font_size_tablet=&#8221;32px&#8221; header_3_font_size_phone=&#8221;26px&#8221; header_3_font_size_last_edited=&#8221;on|phone&#8221; text_text_align=&#8221;left&#8221; locked=&#8221;off&#8221; global_colors_info=&#8221;{}&#8221;]<\/p>\n<h3>Quer economizar na conta de luz?<\/h3>\n<p>Condi\u00e7\u00f5es especiais e pagamento facilitado na instala\u00e7\u00e3o para ajudar voc\u00ea a diminuir o pre\u00e7o da sua conta de luz em at\u00e9 95%.<\/p>\n<p>[\/et_pb_text][et_pb_button button_text=&#8221;Quero economizar na conta de luz&#8221; _builder_version=&#8221;4.22.1&#8243; button_text_color=&#8221;#385A3E&#8221; button_bg_color=&#8221;#D0CFCE&#8221; button_letter_spacing=&#8221;1px&#8221; global_colors_info=&#8221;{}&#8221; button_bg_color__hover_enabled=&#8221;on|hover&#8221; button_bg_color__hover=&#8221;rgba(208,207,206,0.61)&#8221;][\/et_pb_button][\/et_pb_column][\/et_pb_section][et_pb_section fb_built=&#8221;1&#8243; _builder_version=&#8221;4.16&#8243; global_colors_info=&#8221;{}&#8221;][et_pb_row _builder_version=&#8221;4.16&#8243; max_width=&#8221;800px&#8221; locked=&#8221;off&#8221; global_colors_info=&#8221;{}&#8221;][et_pb_column type=&#8221;4_4&#8243; _builder_version=&#8221;4.16&#8243; custom_padding=&#8221;|||&#8221; global_colors_info=&#8221;{}&#8221; custom_padding__hover=&#8221;|||&#8221;][et_pb_text _builder_version=&#8221;4.22.1&#8243; text_font=&#8221;||||||||&#8221; text_font_size=&#8221;16px&#8221; text_line_height=&#8221;1.8em&#8221; header_font=&#8221;||||||||&#8221; header_2_text_align=&#8221;center&#8221; header_2_text_color=&#8221;#385A3E&#8221; header_2_font_size=&#8221;42px&#8221; header_2_line_height=&#8221;1.2em&#8221; text_font_size_tablet=&#8221;&#8221; text_font_size_phone=&#8221;14px&#8221; text_font_size_last_edited=&#8221;on|desktop&#8221; header_2_font_size_tablet=&#8221;32px&#8221; header_2_font_size_phone=&#8221;26px&#8221; header_2_font_size_last_edited=&#8221;on|phone&#8221; text_text_align=&#8221;left&#8221; locked=&#8221;off&#8221; global_colors_info=&#8221;{}&#8221;]<\/p>\n<h2>D\u00favidas frequentes<\/h2>\n<p>[\/et_pb_text][et_pb_accordion open_toggle_background_color=&#8221;rgba(208,207,206,0.49)&#8221; closed_toggle_text_color=&#8221;rgba(79,74,76,0.7)&#8221; closed_toggle_background_color=&#8221;#FFFFFF&#8221; icon_color=&#8221;#A1AD74&#8243; _builder_version=&#8221;4.22.1&#8243; toggle_text_color=&#8221;#385A3E&#8221; toggle_font_size=&#8221;18px&#8221; toggle_line_height=&#8221;1.6em&#8221; body_font=&#8221;||||||||&#8221; body_text_align=&#8221;left&#8221; body_text_color=&#8221;#4F4A4C&#8221; body_font_size=&#8221;16px&#8221; body_line_height=&#8221;1.8em&#8221; toggle_font_size_tablet=&#8221;&#8221; toggle_font_size_phone=&#8221;14px&#8221; toggle_font_size_last_edited=&#8221;on|desktop&#8221; body_font_size_tablet=&#8221;&#8221; body_font_size_phone=&#8221;14px&#8221; body_font_size_last_edited=&#8221;on|desktop&#8221; border_width_all=&#8221;0px&#8221; box_shadow_style=&#8221;preset1&#8243; box_shadow_vertical=&#8221;24px&#8221; box_shadow_blur=&#8221;100px&#8221; box_shadow_spread=&#8221;-48px&#8221; box_shadow_color=&#8221;rgba(0,0,0,0.24)&#8221; box_shadow_spread_tablet=&#8221;-44px&#8221; box_shadow_spread_last_edited=&#8221;off|phone&#8221; global_colors_info=&#8221;{}&#8221;][et_pb_accordion_item title=&#8221;O que \u00e9 energia solar?&#8221; open=&#8221;off&#8221; _builder_version=&#8221;4.22.1&#8243; custom_margin=&#8221;||0px&#8221; global_colors_info=&#8221;{}&#8221;]<\/p>\n<p>A energia solar ou energia solar fotovoltaica usa a radia\u00e7\u00e3o solar para gerar eletricidade de forma limpa e sustent\u00e1vel.<\/p>\n<p>[\/et_pb_accordion_item][et_pb_accordion_item title=&#8221;O que \u00e9 energia renov\u00e1vel?&#8221; _builder_version=&#8221;4.22.1&#8243; custom_margin=&#8221;||0px&#8221; global_colors_info=&#8221;{}&#8221; open=&#8221;off&#8221;]<\/p>\n<p>A energia renov\u00e1vel \u00e9 uma fonte natural e ilimitada de energia com impacto ambiental reduzido, sendo a energia solar um dos tipos de energias renov\u00e1veis mais comuns.<\/p>\n<p>[\/et_pb_accordion_item][et_pb_accordion_item title=&#8221;Como funciona a energia solar?&#8221; _builder_version=&#8221;4.22.1&#8243; custom_margin=&#8221;||0px&#8221; global_colors_info=&#8221;{}&#8221; open=&#8221;on&#8221;]<\/p>\n<p>A energia solar \u00e9 gerada por meio da instala\u00e7\u00e3o de pain\u00e9is solares. Esses pain\u00e9is cont\u00e9m c\u00e9lulas fotovoltaicas que captam a energia solar, e s\u00e3o ligados a um equipamento chamado inversor solar, que converte a energia solar em eletricidade.<\/p>\n<p>[\/et_pb_accordion_item][et_pb_accordion_item title=&#8221;Posso ter energia solar na minha casa ou empresa?&#8221; _builder_version=&#8221;4.22.1&#8243; custom_margin=&#8221;||0px&#8221; global_colors_info=&#8221;{}&#8221; open=&#8221;off&#8221;]<\/p>\n<p>A Alfa conta com solu\u00e7\u00f5es simples e tecnol\u00f3gicas para garantir a gera\u00e7\u00e3o de energia fotovoltaica de forma segura para casas, apartamentos, com\u00e9rcios, empresas e ind\u00fastrias.<\/p>\n<p>[\/et_pb_accordion_item][et_pb_accordion_item title=&#8221;\u00c9 muito caro ter um sistema de energia solar?&#8221; _builder_version=&#8221;4.22.1&#8243; custom_margin=&#8221;||0px&#8221; global_colors_info=&#8221;{}&#8221; open=&#8221;off&#8221;]<\/p>\n<p>Apesar do custo inicial parecer alto, com energia renov\u00e1vel o custo da conta de luz diminui, isso traz tranquilidade financeira \u00e0 longo prazo e faz a instala\u00e7\u00e3o de um sistema como esse muito importante para economia. Al\u00e9m disso, os sistemas de energia solar tem vida \u00fatil alta e baixa manuten\u00e7\u00e3o.<\/p>\n<p>[\/et_pb_accordion_item][\/et_pb_accordion][\/et_pb_column][\/et_pb_row][\/et_pb_section]<\/p>\n","protected":false},"excerpt":{"rendered":"<p>Eletricidade na medida certa Sistemas de gera\u00e7\u00e3o de energia para a sua casa, com\u00e9rcio, condom\u00ednios ou tenha sua pr\u00f3pria usina solar para garantir energia limpa, econ\u00f4mica e de acordo com as suas necessidades.A ALFA tem a solu\u00e7\u00e3o perfeita para iluminar o planetaSistema simples, discreto e eficiente para economizar na conta de luz.Mais estabilidade, seguran\u00e7a e [&hellip;]<\/p>\n","protected":false},"author":1,"featured_media":0,"parent":0,"menu_order":0,"comment_status":"closed","ping_status":"closed","template":"","meta":{"_et_pb_use_builder":"on","_et_pb_old_content":"<!-- wp:divi\/placeholder \/-->","_et_gb_content_width":"","inline_featured_image":false,"footnotes":""},"_links":{"self":[{"href":"https:\/\/alfaenergia.org\/index.php\/wp-json\/wp\/v2\/pages\/26"}],"collection":[{"href":"https:\/\/alfaenergia.org\/index.php\/wp-json\/wp\/v2\/pages"}],"about":[{"href":"https:\/\/alfaenergia.org\/index.php\/wp-json\/wp\/v2\/types\/page"}],"author":[{"embeddable":true,"href":"https:\/\/alfaenergia.org\/index.php\/wp-json\/wp\/v2\/users\/1"}],"replies":[{"embeddable":true,"href":"https:\/\/alfaenergia.org\/index.php\/wp-json\/wp\/v2\/comments?post=26"}],"version-history":[{"count":13,"href":"https:\/\/alfaenergia.org\/index.php\/wp-json\/wp\/v2\/pages\/26\/revisions"}],"predecessor-version":[{"id":241752,"href":"https:\/\/alfaenergia.org\/index.php\/wp-json\/wp\/v2\/pages\/26\/revisions\/241752"}],"wp:attachment":[{"href":"https:\/\/alfaenergia.org\/index.php\/wp-json\/wp\/v2\/media?parent=26"}],"curies":[{"name":"wp","href":"https:\/\/api.w.org\/{rel}","templated":true}]}}