{"id":30,"date":"2023-07-23T17:08:08","date_gmt":"2023-07-23T17:08:08","guid":{"rendered":"https:\/\/alfaenergia.org\/?page_id=30"},"modified":"2023-09-01T13:43:29","modified_gmt":"2023-09-01T16:43:29","slug":"manutencao","status":"publish","type":"page","link":"https:\/\/alfaenergia.org\/index.php\/manutencao\/","title":{"rendered":"Servi\u00e7os"},"content":{"rendered":"<p>[et_pb_section fb_built=&#8221;1&#8243; admin_label=&#8221;Header&#8221; _builder_version=&#8221;4.22.1&#8243; background_color=&#8221;#EDE7E3&#8243; use_background_color_gradient=&#8221;on&#8221; background_color_gradient_direction=&#8221;90deg&#8221; background_color_gradient_stops=&#8221;#ffffff 61%|#EDE7E3 61%&#8221; background_color_gradient_start=&#8221;#f7f7f7&#8243; background_color_gradient_start_position=&#8221;66%&#8221; background_color_gradient_end=&#8221;#ffffff&#8221; background_color_gradient_end_position=&#8221;0%&#8221; background_image=&#8221;https:\/\/alfaenergia.org\/wp-content\/uploads\/2023\/09\/background_graf-3.svg&#8221; background_size=&#8221;stretch&#8221; background_position=&#8221;bottom_center&#8221; custom_padding=&#8221;||45px||false|false&#8221; hover_enabled=&#8221;0&#8243; background_last_edited=&#8221;on|tablet&#8221; use_background_color_gradient_tablet=&#8221;on&#8221; background_color_gradient_stops_tablet=&#8221;#f7f7f7 100%|#EDE7E3 100%&#8221; background_color_gradient_start_position_tablet=&#8221;100%&#8221; locked=&#8221;off&#8221; global_colors_info=&#8221;{}&#8221; title_text=&#8221;background_graf-3&#8243; sticky_enabled=&#8221;0&#8243;][et_pb_row column_structure=&#8221;1_2,1_2&#8243; custom_padding_last_edited=&#8221;on|phone&#8221; padding_left_right_link_1=&#8221;false&#8221; _builder_version=&#8221;4.21.0&#8243; background_enable_image=&#8221;off&#8221; background_size=&#8221;initial&#8221; background_position=&#8221;top_left&#8221; custom_margin=&#8221;|auto|34px|auto||&#8221; custom_padding=&#8221;|||20px&#8221; custom_padding_tablet=&#8221;&#8221; custom_padding_phone=&#8221;|||0px&#8221; global_colors_info=&#8221;{}&#8221;][et_pb_column type=&#8221;1_2&#8243; _builder_version=&#8221;4.21.0&#8243; background_repeat=&#8221;repeat&#8221; custom_padding=&#8221;|||&#8221; custom_padding_phone=&#8221;|||0px&#8221; custom_padding_last_edited=&#8221;off|phone&#8221; global_colors_info=&#8221;{}&#8221; custom_padding__hover=&#8221;|||&#8221;][et_pb_text _builder_version=&#8221;4.22.1&#8243; text_font=&#8221;||||||||&#8221; text_font_size=&#8221;20px&#8221; text_line_height=&#8221;1.8em&#8221; header_text_color=&#8221;#A1AD74&#8243; header_font_size=&#8221;60px&#8221; header_line_height=&#8221;1.3em&#8221; custom_margin=&#8221;||60px&#8221; text_font_size_tablet=&#8221;&#8221; text_font_size_phone=&#8221;14px&#8221; text_font_size_last_edited=&#8221;on|desktop&#8221; header_font_size_tablet=&#8221;50px&#8221; header_font_size_phone=&#8221;30px&#8221; header_font_size_last_edited=&#8221;on|phone&#8221; global_colors_info=&#8221;{}&#8221;]<\/p>\n<h1><span style=\"color: #385a3e;\">Al\u00e9m de gerar energia,\u00a0<\/span>a ALFA tamb\u00e9m quer<br \/>\najudar voc\u00ea a continuar economizando.<\/h1>\n<p>Conhe\u00e7a os servi\u00e7os exclusivos para cuidar muito bem do seu sistema de energia e economizar ainda mais.[\/et_pb_text][et_pb_button button_text=&#8221;Quero economizar&#8221; _builder_version=&#8221;4.22.1&#8243; global_colors_info=&#8221;{}&#8221;][\/et_pb_button][\/et_pb_column][et_pb_column type=&#8221;1_2&#8243; _builder_version=&#8221;4.16&#8243; custom_padding=&#8221;|||&#8221; global_colors_info=&#8221;{}&#8221; custom_padding__hover=&#8221;|||&#8221;][et_pb_image src=&#8221;https:\/\/alfaenergia.org\/wp-content\/uploads\/2023\/07\/moritz-kindler-gD8IO0E4OZM-unsplash2_v2-scaled.jpg&#8221; title_text=&#8221;moritz-kindler-gD8IO0E4OZM-unsplash2_v2&#8243; _builder_version=&#8221;4.21.0&#8243; background_enable_image=&#8221;off&#8221; custom_margin=&#8221;-100px|-12vw||&#8221; custom_margin_tablet=&#8221;0px|||&#8221; custom_margin_phone=&#8221;&#8221; custom_margin_last_edited=&#8221;on|tablet&#8221; custom_padding=&#8221;||25.8%|||&#8221; custom_padding_tablet=&#8221;&#8221; custom_padding_phone=&#8221;||40%&#8221; custom_padding_last_edited=&#8221;on|desktop&#8221; global_colors_info=&#8221;{}&#8221;][\/et_pb_image][\/et_pb_column][\/et_pb_row][et_pb_row column_structure=&#8221;1_2,1_2&#8243; _builder_version=&#8221;4.16&#8243; custom_padding=&#8221;135px|||||&#8221; locked=&#8221;off&#8221; global_colors_info=&#8221;{}&#8221;][et_pb_column type=&#8221;1_2&#8243; _builder_version=&#8221;4.16&#8243; custom_padding=&#8221;|||&#8221; global_colors_info=&#8221;{}&#8221; custom_padding__hover=&#8221;|||&#8221;][et_pb_cta title=&#8221;Ficar no escuro, nunca mais!&#8221; button_url=&#8221;#&#8221; button_text=&#8221;Quero acender a luz&#8221; _builder_version=&#8221;4.22.1&#8243; header_text_color=&#8221;#EDE7E3&#8243; header_font_size=&#8221;42px&#8221; header_line_height=&#8221;1.2em&#8221; body_font=&#8221;||||||||&#8221; body_text_color=&#8221;#EDE7E3&#8243; body_font_size=&#8221;16px&#8221; body_line_height=&#8221;1.8em&#8221; background_color=&#8221;#A1AD74&#8243; custom_button=&#8221;on&#8221; button_text_size=&#8221;14px&#8221; button_text_color=&#8221;#385A3E&#8221; button_border_color=&#8221;rgba(0,0,0,0)&#8221; button_border_radius=&#8221;100px&#8221; button_letter_spacing=&#8221;2px&#8221; button_font=&#8221;Raleway|700||on|||||&#8221; button_icon=&#8221;&#x24;||divi||400&#8243; button_custom_margin=&#8221;10px||14px&#8221; button_custom_padding=&#8221;14px|40px|14px|40px|true|true&#8221; z_index=&#8221;6&#8243; custom_margin=&#8221;-27.9%||-80px|||&#8221; custom_padding=&#8221;65px|60px|65px|60px|true|true&#8221; custom_padding_tablet=&#8221;&#8221; custom_padding_phone=&#8221;30px|30px|30px|30px|true|true&#8221; custom_padding_last_edited=&#8221;on|phone&#8221; header_font_size_tablet=&#8221;36px&#8221; header_font_size_phone=&#8221;26px&#8221; header_font_size_last_edited=&#8221;on|tablet&#8221; body_font_size_tablet=&#8221;&#8221; body_font_size_phone=&#8221;14px&#8221; body_font_size_last_edited=&#8221;on|desktop&#8221; box_shadow_style=&#8221;preset1&#8243; box_shadow_vertical=&#8221;24px&#8221; box_shadow_blur=&#8221;100px&#8221; box_shadow_spread=&#8221;-30px&#8221; box_shadow_color=&#8221;rgba(0,0,0,0.24)&#8221; global_colors_info=&#8221;{}&#8221; button_bg_color__hover_enabled=&#8221;on|hover&#8221;]<\/p>\n<p>\u00c9 hora de descomplicar a vida e iluminar o planeta para n\u00e3o se preocupar com o futuro. Instale um sistema de energia solar e conte com os servi\u00e7os da Alfa para abrilhantar as ideias. Acende a luz e a gente cuida do resto!<\/p>\n<p>[\/et_pb_cta][\/et_pb_column][et_pb_column type=&#8221;1_2&#8243; _builder_version=&#8221;4.16&#8243; custom_padding=&#8221;|||&#8221; global_colors_info=&#8221;{}&#8221; custom_padding__hover=&#8221;|||&#8221;][\/et_pb_column][\/et_pb_row][\/et_pb_section][et_pb_section fb_built=&#8221;1&#8243; admin_label=&#8221;Services&#8221; _builder_version=&#8221;4.16&#8243; custom_padding=&#8221;130px|||||&#8221; global_colors_info=&#8221;{}&#8221;][et_pb_row _builder_version=&#8221;4.16&#8243; max_width=&#8221;700px&#8221; module_alignment=&#8221;center&#8221; locked=&#8221;off&#8221; global_colors_info=&#8221;{}&#8221;][et_pb_column type=&#8221;4_4&#8243; _builder_version=&#8221;4.16&#8243; custom_padding=&#8221;|||&#8221; global_colors_info=&#8221;{}&#8221; custom_padding__hover=&#8221;|||&#8221;][et_pb_text _builder_version=&#8221;4.22.1&#8243; text_font=&#8221;||||||||&#8221; text_text_color=&#8221;#4F4A4C&#8221; text_font_size=&#8221;16px&#8221; text_line_height=&#8221;1.8em&#8221; header_font=&#8221;||||||||&#8221; header_2_font_size=&#8221;42px&#8221; header_2_line_height=&#8221;1.2em&#8221; text_orientation=&#8221;center&#8221; max_width=&#8221;600px&#8221; module_alignment=&#8221;center&#8221; text_font_size_tablet=&#8221;&#8221; text_font_size_phone=&#8221;14px&#8221; text_font_size_last_edited=&#8221;on|desktop&#8221; header_2_font_size_tablet=&#8221;32px&#8221; header_2_font_size_phone=&#8221;26px&#8221; header_2_font_size_last_edited=&#8221;on|phone&#8221; text_text_align=&#8221;center&#8221; locked=&#8221;off&#8221; global_colors_info=&#8221;{}&#8221;]<\/p>\n<h2>Servi\u00e7os para voc\u00ea<\/h2>\n<p>[\/et_pb_text][\/et_pb_column][\/et_pb_row][et_pb_row column_structure=&#8221;1_3,1_3,1_3&#8243; _builder_version=&#8221;4.16&#8243; global_colors_info=&#8221;{}&#8221;][et_pb_column type=&#8221;1_3&#8243; _builder_version=&#8221;4.16&#8243; custom_padding=&#8221;|||&#8221; global_colors_info=&#8221;{}&#8221; custom_padding__hover=&#8221;|||&#8221;][et_pb_blurb title=&#8221;Consultoria e avalia\u00e7\u00e3o&#8221; image=&#8221;https:\/\/alfaenergia.org\/wp-content\/uploads\/2023\/07\/Board_Icons-09.svg&#8221; image_icon_width=&#8221;60%&#8221; _builder_version=&#8221;4.22.1&#8243; header_font=&#8221;||||||||&#8221; header_text_color=&#8221;#385A3E&#8221; header_line_height=&#8221;1.8em&#8221; body_font=&#8221;||||||||&#8221; body_text_color=&#8221;#4F4A4C&#8221; body_line_height=&#8221;1.8em&#8221; text_orientation=&#8221;center&#8221; body_font_size_tablet=&#8221;&#8221; body_font_size_phone=&#8221;14px&#8221; body_font_size_last_edited=&#8221;on|desktop&#8221; global_colors_info=&#8221;{}&#8221;]<\/p>\n<p>A ALFA vai at\u00e9 voc\u00ea para entender o seu projeto e indicar a solu\u00e7\u00e3o adequada para a sua casa ou neg\u00f3cio.<\/p>\n<p>[\/et_pb_blurb][\/et_pb_column][et_pb_column type=&#8221;1_3&#8243; _builder_version=&#8221;4.16&#8243; custom_padding=&#8221;|||&#8221; global_colors_info=&#8221;{}&#8221; custom_padding__hover=&#8221;|||&#8221;][et_pb_blurb title=&#8221;Instala\u00e7\u00e3o&#8221; image=&#8221;https:\/\/alfaenergia.org\/wp-content\/uploads\/2023\/07\/Board_Icons-07.svg&#8221; image_icon_width=&#8221;60%&#8221; _builder_version=&#8221;4.22.1&#8243; header_font=&#8221;||||||||&#8221; header_text_color=&#8221;#385A3E&#8221; header_line_height=&#8221;1.8em&#8221; body_font=&#8221;||||||||&#8221; body_text_color=&#8221;#4F4A4C&#8221; body_line_height=&#8221;1.8em&#8221; text_orientation=&#8221;center&#8221; body_font_size_tablet=&#8221;&#8221; body_font_size_phone=&#8221;14px&#8221; body_font_size_last_edited=&#8221;on|desktop&#8221; locked=&#8221;off&#8221; global_colors_info=&#8221;{}&#8221;]<\/p>\n<p>N\u00e3o se preocupe com a instala\u00e7\u00e3o do seu sistema solar. Com excel\u00eancia e agilidade, a gente faz isso por voc\u00ea de forma segura e pr\u00e1tica.<\/p>\n<p>[\/et_pb_blurb][\/et_pb_column][et_pb_column type=&#8221;1_3&#8243; _builder_version=&#8221;4.16&#8243; custom_padding=&#8221;|||&#8221; global_colors_info=&#8221;{}&#8221; custom_padding__hover=&#8221;|||&#8221;][et_pb_blurb title=&#8221;Limpeza e manuten\u00e7\u00e3o&#8221; image=&#8221;https:\/\/alfaenergia.org\/wp-content\/uploads\/2023\/07\/Board_Icons-04.svg&#8221; image_icon_width=&#8221;60%&#8221; _builder_version=&#8221;4.22.1&#8243; header_font=&#8221;||||||||&#8221; header_text_color=&#8221;#385A3E&#8221; header_line_height=&#8221;1.8em&#8221; body_font=&#8221;||||||||&#8221; body_text_color=&#8221;#4F4A4C&#8221; body_line_height=&#8221;1.8em&#8221; text_orientation=&#8221;center&#8221; body_font_size_tablet=&#8221;&#8221; body_font_size_phone=&#8221;14px&#8221; body_font_size_last_edited=&#8221;on|desktop&#8221; locked=&#8221;off&#8221; global_colors_info=&#8221;{}&#8221;]<\/p>\n<p>Se voc\u00ea j\u00e1 acendeu a luz, a Alfa tamb\u00e9m cuida do resto. Ajudamos voc\u00ea a manter o seu sistema solar em perfeito funcionamento e condi\u00e7\u00f5es para ter excelente vida \u00fatil e garantir a economia que voc\u00ea precisa.<\/p>\n<p>[\/et_pb_blurb][\/et_pb_column][\/et_pb_row][\/et_pb_section][et_pb_section fb_built=&#8221;1&#8243; admin_label=&#8221;Feature&#8221; _builder_version=&#8221;4.21.0&#8243; use_background_color_gradient=&#8221;on&#8221; background_color_gradient_stops=&#8221;rgba(161,173,116,0.24) 0%|rgba(56,90,62,0.08) 100%&#8221; background_color_gradient_overlays_image=&#8221;on&#8221; background_color_gradient_start=&#8221;#ffffff&#8221; background_color_gradient_end=&#8221;rgba(255,255,255,0)&#8221; background_image=&#8221;https:\/\/alfaenergia.org\/wp-content\/uploads\/2023\/07\/green-energy-13.jpg&#8221; custom_padding=&#8221;||16vw|||&#8221; global_colors_info=&#8221;{}&#8221;][et_pb_row column_structure=&#8221;1_2,1_2&#8243; _builder_version=&#8221;4.16&#8243; global_colors_info=&#8221;{}&#8221;][et_pb_column type=&#8221;1_2&#8243; _builder_version=&#8221;4.16&#8243; custom_padding=&#8221;|||&#8221; global_colors_info=&#8221;{}&#8221; custom_padding__hover=&#8221;|||&#8221;][et_pb_text _builder_version=&#8221;4.22.1&#8243; text_text_color=&#8221;#385A3E&#8221; text_font_size=&#8221;100px&#8221; text_line_height=&#8221;1.2em&#8221; header_line_height=&#8221;1.8em&#8221; header_3_text_color=&#8221;#A1AD74&#8243; header_3_font_size=&#8221;18px&#8221; header_3_line_height=&#8221;1.8em&#8221; header_4_font=&#8221;||||||||&#8221; text_orientation=&#8221;center&#8221; custom_padding=&#8221;80px||80px||true|&#8221; box_shadow_style=&#8221;preset1&#8243; box_shadow_vertical=&#8221;24px&#8221; box_shadow_blur=&#8221;100px&#8221; box_shadow_spread=&#8221;-30px&#8221; box_shadow_color=&#8221;rgba(79,74,76,0.63)&#8221; text_text_align=&#8221;center&#8221; locked=&#8221;off&#8221; global_colors_info=&#8221;{}&#8221;]<\/p>\n<h3>Economize at\u00e9<\/h3>\n<p>95%<\/p>\n<h3>no pre\u00e7o da sua conta de luz mensal<\/h3>\n<p>[\/et_pb_text][\/et_pb_column][et_pb_column type=&#8221;1_2&#8243; _builder_version=&#8221;4.16&#8243; custom_padding=&#8221;40px|||&#8221; global_colors_info=&#8221;{}&#8221; custom_padding__hover=&#8221;|||&#8221;][et_pb_text _builder_version=&#8221;4.22.1&#8243; text_font=&#8221;||||||||&#8221; text_text_color=&#8221;#4F4A4C&#8221; text_font_size=&#8221;16px&#8221; text_line_height=&#8221;1.8em&#8221; header_font=&#8221;||||||||&#8221; header_2_text_color=&#8221;#385A3E&#8221; header_2_font_size=&#8221;42px&#8221; header_2_line_height=&#8221;1.2em&#8221; max_width=&#8221;600px&#8221; module_alignment=&#8221;center&#8221; custom_padding=&#8221;|100px|||false|false&#8221; custom_padding_tablet=&#8221;|0px|||false|false&#8221; custom_padding_phone=&#8221;|0px|||false|false&#8221; custom_padding_last_edited=&#8221;on|phone&#8221; text_font_size_tablet=&#8221;&#8221; text_font_size_phone=&#8221;14px&#8221; text_font_size_last_edited=&#8221;on|desktop&#8221; header_2_font_size_tablet=&#8221;32px&#8221; header_2_font_size_phone=&#8221;26px&#8221; header_2_font_size_last_edited=&#8221;on|phone&#8221; text_text_align=&#8221;left&#8221; locked=&#8221;off&#8221; global_colors_info=&#8221;{}&#8221;]<\/p>\n<h2>Energia infinita, f\u00e1cil e acess\u00edvel<\/h2>\n<p>Economizar na conta de luz nunca foi t\u00e3o f\u00e1cil. Conte com solu\u00e7\u00f5es e servi\u00e7os que, al\u00e9m de n\u00e3o deixar voc\u00ea no escuro, garantem rentabilidade e valorizam o seu im\u00f3vel e neg\u00f3cio.<\/p>\n<p>[\/et_pb_text][\/et_pb_column][\/et_pb_row][\/et_pb_section]<\/p>\n","protected":false},"excerpt":{"rendered":"<p>Al\u00e9m de gerar energia,\u00a0a ALFA tamb\u00e9m quer ajudar voc\u00ea a continuar economizando. Conhe\u00e7a os servi\u00e7os exclusivos para cuidar muito bem do seu sistema de energia e economizar ainda mais.\u00c9 hora de descomplicar a vida e iluminar o planeta para n\u00e3o se preocupar com o futuro. Instale um sistema de energia solar e conte com os [&hellip;]<\/p>\n","protected":false},"author":1,"featured_media":0,"parent":0,"menu_order":0,"comment_status":"closed","ping_status":"closed","template":"","meta":{"_et_pb_use_builder":"on","_et_pb_old_content":"<!-- wp:divi\/placeholder \/-->","_et_gb_content_width":"","inline_featured_image":false,"footnotes":""},"_links":{"self":[{"href":"https:\/\/alfaenergia.org\/index.php\/wp-json\/wp\/v2\/pages\/30"}],"collection":[{"href":"https:\/\/alfaenergia.org\/index.php\/wp-json\/wp\/v2\/pages"}],"about":[{"href":"https:\/\/alfaenergia.org\/index.php\/wp-json\/wp\/v2\/types\/page"}],"author":[{"embeddable":true,"href":"https:\/\/alfaenergia.org\/index.php\/wp-json\/wp\/v2\/users\/1"}],"replies":[{"embeddable":true,"href":"https:\/\/alfaenergia.org\/index.php\/wp-json\/wp\/v2\/comments?post=30"}],"version-history":[{"count":16,"href":"https:\/\/alfaenergia.org\/index.php\/wp-json\/wp\/v2\/pages\/30\/revisions"}],"predecessor-version":[{"id":241637,"href":"https:\/\/alfaenergia.org\/index.php\/wp-json\/wp\/v2\/pages\/30\/revisions\/241637"}],"wp:attachment":[{"href":"https:\/\/alfaenergia.org\/index.php\/wp-json\/wp\/v2\/media?parent=30"}],"curies":[{"name":"wp","href":"https:\/\/api.w.org\/{rel}","templated":true}]}}